{"id":106,"date":"2018-03-11T23:48:51","date_gmt":"2018-03-11T22:48:51","guid":{"rendered":"http:\/\/ajdetenis.pl\/?page_id=106"},"modified":"2025-09-03T11:00:38","modified_gmt":"2025-09-03T09:00:38","slug":"tenis","status":"publish","type":"page","link":"https:\/\/ajdetenis.pl\/?page_id=106","title":{"rendered":"Tenis"},"content":{"rendered":"\n<p>Zaj\u0119cia grupowe dla doros\u0142ych<\/p>\n\n\n\n<p>Treningi indywidualne dla dzieci i doros\u0142ych<\/p>\n\n\n\n<p>Kompleksowe konsultacje i analiza gry m\u0142odych zawodnik\u00f3w<\/p>\n\n\n\n<p><\/p>\n","protected":false},"excerpt":{"rendered":"<p>Zaj\u0119cia grupowe dla doros\u0142ych Treningi indywidualne dla dzieci i doros\u0142ych Kompleksowe konsultacje i analiza gry m\u0142odych zawodnik\u00f3w<\/p>\n","protected":false},"author":1,"featured_media":63,"parent":0,"menu_order":0,"comment_status":"closed","ping_status":"closed","template":"","meta":{"footnotes":""},"class_list":["post-106","page","type-page","status-publish","has-post-thumbnail","hentry"],"_links":{"self":[{"href":"https:\/\/ajdetenis.pl\/index.php?rest_route=\/wp\/v2\/pages\/106","targetHints":{"allow":["GET"]}}],"collection":[{"href":"https:\/\/ajdetenis.pl\/index.php?rest_route=\/wp\/v2\/pages"}],"about":[{"href":"https:\/\/ajdetenis.pl\/index.php?rest_route=\/wp\/v2\/types\/page"}],"author":[{"embeddable":true,"href":"https:\/\/ajdetenis.pl\/index.php?rest_route=\/wp\/v2\/users\/1"}],"replies":[{"embeddable":true,"href":"https:\/\/ajdetenis.pl\/index.php?rest_route=%2Fwp%2Fv2%2Fcomments&post=106"}],"version-history":[{"count":7,"href":"https:\/\/ajdetenis.pl\/index.php?rest_route=\/wp\/v2\/pages\/106\/revisions"}],"predecessor-version":[{"id":233,"href":"https:\/\/ajdetenis.pl\/index.php?rest_route=\/wp\/v2\/pages\/106\/revisions\/233"}],"wp:featuredmedia":[{"embeddable":true,"href":"https:\/\/ajdetenis.pl\/index.php?rest_route=\/wp\/v2\/media\/63"}],"wp:attachment":[{"href":"https:\/\/ajdetenis.pl\/index.php?rest_route=%2Fwp%2Fv2%2Fmedia&parent=106"}],"curies":[{"name":"wp","href":"https:\/\/api.w.org\/{rel}","templated":true}]}}