{"id":112,"date":"2018-03-12T00:02:55","date_gmt":"2018-03-11T23:02:55","guid":{"rendered":"http:\/\/ajdetenis.pl\/?page_id=112"},"modified":"2025-09-03T11:05:36","modified_gmt":"2025-09-03T09:05:36","slug":"cennik","status":"publish","type":"page","link":"https:\/\/ajdetenis.pl\/?page_id=112","title":{"rendered":"Cennik"},"content":{"rendered":"<p>Cennik:<\/p>\n<p>Koszt abonamentu miesi\u0119cznego w miesi\u0105cach (pa\u017adziernik, listopad, stycze\u0144, marzec, kwiecie\u0144, maj, czerwiec):<\/p>\n<ul>\n<li>Raz w tygodniu: 280 z\u0142<\/li>\n<li>Dwa razy w tygodniu: 540 z\u0142<\/li>\n<\/ul>\n<p>Koszt abonamentu miesi\u0119cznego we wrze\u015bniu i grudniu:<\/p>\n<ul>\n<li>Raz w tygodniu: 210 z\u0142<\/li>\n<li>Dwa razy w tygodniu: 405 z\u0142<\/li>\n<\/ul>\n<p>Koszt abonamentu miesi\u0119cznego w lutym:<\/p>\n<ul>\n<li>Raz w tygodniu: 140 z\u0142<\/li>\n<li>Dwa razy w tygodniu: 270 z\u0142<\/li>\n<\/ul>\n<p>Abonament jest p\u0142atny do 10 dnia danego miesi\u0105ca z g\u00f3ry<\/p>\n<p>Odrabianie wcze\u015bniejszych zaj\u0119\u0107 po wcze\u015bniejszym uzgodnieniu z trenerem<\/p>\n<p>Cennik zaj\u0119\u0107 indywidualnych 120z\u0142\/1h + cena kortu.<\/p>\n","protected":false},"excerpt":{"rendered":"<p>Cennik: Koszt abonamentu miesi\u0119cznego w miesi\u0105cach (pa\u017adziernik, listopad, stycze\u0144, marzec, kwiecie\u0144, maj, czerwiec): Raz w tygodniu: 280 z\u0142 Dwa razy w tygodniu: 540 z\u0142 Koszt abonamentu miesi\u0119cznego we wrze\u015bniu i grudniu: Raz w tygodniu: 210 z\u0142 Dwa razy w tygodniu: 405 z\u0142 Koszt abonamentu miesi\u0119cznego w lutym: Raz w tygodniu: 140 z\u0142 Dwa razy w &hellip; <\/p>\n<p class=\"link-more\"><a href=\"https:\/\/ajdetenis.pl\/?page_id=112\" class=\"more-link\">Czytaj dalej<span class=\"screen-reader-text\"> \u201eCennik\u201d<\/span><\/a><\/p>\n","protected":false},"author":1,"featured_media":0,"parent":0,"menu_order":0,"comment_status":"closed","ping_status":"closed","template":"","meta":{"footnotes":""},"class_list":["post-112","page","type-page","status-publish","hentry"],"_links":{"self":[{"href":"https:\/\/ajdetenis.pl\/index.php?rest_route=\/wp\/v2\/pages\/112","targetHints":{"allow":["GET"]}}],"collection":[{"href":"https:\/\/ajdetenis.pl\/index.php?rest_route=\/wp\/v2\/pages"}],"about":[{"href":"https:\/\/ajdetenis.pl\/index.php?rest_route=\/wp\/v2\/types\/page"}],"author":[{"embeddable":true,"href":"https:\/\/ajdetenis.pl\/index.php?rest_route=\/wp\/v2\/users\/1"}],"replies":[{"embeddable":true,"href":"https:\/\/ajdetenis.pl\/index.php?rest_route=%2Fwp%2Fv2%2Fcomments&post=112"}],"version-history":[{"count":8,"href":"https:\/\/ajdetenis.pl\/index.php?rest_route=\/wp\/v2\/pages\/112\/revisions"}],"predecessor-version":[{"id":235,"href":"https:\/\/ajdetenis.pl\/index.php?rest_route=\/wp\/v2\/pages\/112\/revisions\/235"}],"wp:attachment":[{"href":"https:\/\/ajdetenis.pl\/index.php?rest_route=%2Fwp%2Fv2%2Fmedia&parent=112"}],"curies":[{"name":"wp","href":"https:\/\/api.w.org\/{rel}","templated":true}]}}