{"id":25,"date":"2018-03-11T20:49:36","date_gmt":"2018-03-11T19:49:36","guid":{"rendered":"http:\/\/ajdetenis.pl\/?page_id=25"},"modified":"2022-02-25T09:33:12","modified_gmt":"2022-02-25T08:33:12","slug":"strona-glowna","status":"publish","type":"page","link":"https:\/\/ajdetenis.pl\/","title":{"rendered":"Strona g\u0142\u00f3wna"},"content":{"rendered":"<p>Przedsi\u0119biorca uzyska\u0142 subwencj\u0119 finansow\u0105 w ramach programu rz\u0105dowego &#8222;Tarcza Finansowa 2.0 Polskiego Funduszu Rozwoju dla Mikro, Ma\u0142ych i \u015arednich Firm&#8221; udzielon\u0105 przez PFR S.A<\/p>\n","protected":false},"excerpt":{"rendered":"<p>Przedsi\u0119biorca uzyska\u0142 subwencj\u0119 finansow\u0105 w ramach programu rz\u0105dowego &#8222;Tarcza Finansowa 2.0 Polskiego Funduszu Rozwoju dla Mikro, Ma\u0142ych i \u015arednich Firm&#8221; udzielon\u0105 przez PFR S.A<\/p>\n","protected":false},"author":1,"featured_media":0,"parent":0,"menu_order":0,"comment_status":"closed","ping_status":"closed","template":"","meta":{"footnotes":""},"class_list":["post-25","page","type-page","status-publish","hentry"],"_links":{"self":[{"href":"https:\/\/ajdetenis.pl\/index.php?rest_route=\/wp\/v2\/pages\/25","targetHints":{"allow":["GET"]}}],"collection":[{"href":"https:\/\/ajdetenis.pl\/index.php?rest_route=\/wp\/v2\/pages"}],"about":[{"href":"https:\/\/ajdetenis.pl\/index.php?rest_route=\/wp\/v2\/types\/page"}],"author":[{"embeddable":true,"href":"https:\/\/ajdetenis.pl\/index.php?rest_route=\/wp\/v2\/users\/1"}],"replies":[{"embeddable":true,"href":"https:\/\/ajdetenis.pl\/index.php?rest_route=%2Fwp%2Fv2%2Fcomments&post=25"}],"version-history":[{"count":4,"href":"https:\/\/ajdetenis.pl\/index.php?rest_route=\/wp\/v2\/pages\/25\/revisions"}],"predecessor-version":[{"id":193,"href":"https:\/\/ajdetenis.pl\/index.php?rest_route=\/wp\/v2\/pages\/25\/revisions\/193"}],"wp:attachment":[{"href":"https:\/\/ajdetenis.pl\/index.php?rest_route=%2Fwp%2Fv2%2Fmedia&parent=25"}],"curies":[{"name":"wp","href":"https:\/\/api.w.org\/{rel}","templated":true}]}}