{"id":29,"date":"2018-03-11T20:49:37","date_gmt":"2018-03-11T19:49:37","guid":{"rendered":"http:\/\/ajdetenis.pl\/?page_id=29"},"modified":"2023-09-12T22:12:50","modified_gmt":"2023-09-12T20:12:50","slug":"sekcja-strony-glownej","status":"publish","type":"page","link":"https:\/\/ajdetenis.pl\/?page_id=29","title":{"rendered":"Oferta szkoleniowa &#8211; czytaj ni\u017cej"},"content":{"rendered":"<p>Trwaj\u0105 zapisy na zaj\u0119cia grupowe\u00a0do tenisowego przedszkola,<br \/>\ndla dzieci i m\u0142odzie\u017cy oraz doros\u0142ych.<\/p>\n<p><strong>Mini Tenis (4-7 lat)<\/strong><\/p>\n<p>Zaj\u0119cia dla najm\u0142odszych o charakterze og\u00f3olnorozwojowym z elementami mini tenisa prowadzone w formie atrakcyjnych gier i zabaw na korcie w grupach 4-6 osobowych z wykorzystaniem specjalistycznego sprz\u0119tu: kr\u00f3tszych rakiet, wi\u0119kszych i l\u017cejszych pi\u0142ek, a tak\u017ce r\u00f3\u017cnorodnych przybor\u00f3w uatrakcyjniaj\u0105cych nauk\u0119. Przeznaczone dla dzieci w wieku 4-7 lat. Dzi\u0119ki przyj\u0119tej metodzie nauczania rozwijaj\u0105 sprawno\u015b\u0107 fizyczn\u0105 oraz koordynacj\u0119, co jest niezb\u0119dne do dalszej nauki techniki gry w tenisa.<\/p>\n<p>Przewidywane terminy zaj\u0119\u0107 to czwartek 16, pi\u0105tek 15 i 16<\/p>\n<p>Cennik:<\/p>\n<p>Dla os\u00f3b uczestnicz\u0105cych RAZ w tygodniu: 240 z\u0142\/miesi\u0105c<br \/>\nDla os\u00f3b uczestnicz\u0105cych DWA RAZY w tygodniu: 440 z\u0142\/miesi\u0105c<\/p>\n<p><strong>Szk\u00f3\u0142ki tenisowe (8-16 lat)<\/strong><\/p>\n<p>Dla dzieci i m\u0142odzie\u017cy w wieku od 8 do 16 lat przewidywane s\u0105 grupy 4-5 osobowe.\u00a0Sk\u0142ad grup jest ustalany na podstawie poziomu umiej\u0119tno\u015bci, a w drugiej kolejno\u015bci wieku \u0107wicz\u0105cych. W metodyce nauczania wykorzystujemy program Play+Stay, kt\u00f3ry skierowany jest zar\u00f3wno do dzieci jak i doros\u0142ych, a jego celem jest wyrobienie, od pierwszego kontaktu z t\u0105 dyscyplin\u0105, pozytywnych bod\u017ac\u00f3w zwi\u0105zanych z nauk\u0105 tenisowych podstaw lub doskonaleniem umiej\u0119tno\u015bci, jak r\u00f3wnie\u017c pokazanie pi\u0119kna tego sportu.<\/p>\n<p>Przewidywane terminy zaj\u0119\u0107 to poniedzia\u0142ki 16 i 18, czwartki 17 i 18, pi\u0105tki 18<\/p>\n<p>Cennik:<\/p>\n<p>Dla os\u00f3b uczestnicz\u0105cych RAZ w tygodniu: 240 z\u0142\/miesi\u0105c<br \/>\nDla os\u00f3b uczestnicz\u0105cych DWA RAZY w tygodniu: 440 z\u0142\/miesi\u0105c<\/p>\n<p>Prosimy o zg\u0142oszenia pod numerem telefonu: 600 321 462.<\/p>\n","protected":false},"excerpt":{"rendered":"<p>Trwaj\u0105 zapisy na zaj\u0119cia grupowe\u00a0do tenisowego przedszkola, dla dzieci i m\u0142odzie\u017cy oraz doros\u0142ych. Mini Tenis (4-7 lat) Zaj\u0119cia dla najm\u0142odszych o charakterze og\u00f3olnorozwojowym z elementami mini tenisa prowadzone w formie atrakcyjnych gier i zabaw na korcie w grupach 4-6 osobowych z wykorzystaniem specjalistycznego sprz\u0119tu: kr\u00f3tszych rakiet, wi\u0119kszych i l\u017cejszych pi\u0142ek, a tak\u017ce r\u00f3\u017cnorodnych przybor\u00f3w uatrakcyjniaj\u0105cych &hellip; <\/p>\n<p class=\"link-more\"><a href=\"https:\/\/ajdetenis.pl\/?page_id=29\" class=\"more-link\">Czytaj dalej<span class=\"screen-reader-text\"> \u201eOferta szkoleniowa &#8211; czytaj ni\u017cej\u201d<\/span><\/a><\/p>\n","protected":false},"author":1,"featured_media":81,"parent":106,"menu_order":0,"comment_status":"closed","ping_status":"closed","template":"","meta":{"footnotes":""},"class_list":["post-29","page","type-page","status-publish","has-post-thumbnail","hentry"],"_links":{"self":[{"href":"https:\/\/ajdetenis.pl\/index.php?rest_route=\/wp\/v2\/pages\/29","targetHints":{"allow":["GET"]}}],"collection":[{"href":"https:\/\/ajdetenis.pl\/index.php?rest_route=\/wp\/v2\/pages"}],"about":[{"href":"https:\/\/ajdetenis.pl\/index.php?rest_route=\/wp\/v2\/types\/page"}],"author":[{"embeddable":true,"href":"https:\/\/ajdetenis.pl\/index.php?rest_route=\/wp\/v2\/users\/1"}],"replies":[{"embeddable":true,"href":"https:\/\/ajdetenis.pl\/index.php?rest_route=%2Fwp%2Fv2%2Fcomments&post=29"}],"version-history":[{"count":15,"href":"https:\/\/ajdetenis.pl\/index.php?rest_route=\/wp\/v2\/pages\/29\/revisions"}],"predecessor-version":[{"id":215,"href":"https:\/\/ajdetenis.pl\/index.php?rest_route=\/wp\/v2\/pages\/29\/revisions\/215"}],"up":[{"embeddable":true,"href":"https:\/\/ajdetenis.pl\/index.php?rest_route=\/wp\/v2\/pages\/106"}],"wp:featuredmedia":[{"embeddable":true,"href":"https:\/\/ajdetenis.pl\/index.php?rest_route=\/wp\/v2\/media\/81"}],"wp:attachment":[{"href":"https:\/\/ajdetenis.pl\/index.php?rest_route=%2Fwp%2Fv2%2Fmedia&parent=29"}],"curies":[{"name":"wp","href":"https:\/\/api.w.org\/{rel}","templated":true}]}}